{"id":21933,"date":"2026-04-14T12:09:58","date_gmt":"2026-04-14T17:09:58","guid":{"rendered":"https:\/\/espacecabdeco.ca\/?post_type=product&#038;p=21933"},"modified":"2026-04-14T12:21:17","modified_gmt":"2026-04-14T17:21:17","slug":"coney-3640","status":"publish","type":"product","link":"https:\/\/espacecabdeco.ca\/en\/product\/chairs\/armless-chairs\/coney-3640\/","title":{"rendered":"Coney 3640"},"content":{"rendered":"<p>A mono-material chair made of curved and strong tubular frame. The seat and backrest create a three-dimensional support, ensuring structural solidity and ergonomy. The equally spaced vertical slats of the backrest, moulded and shaped from metal sheet, create a distinctive pattern together with the horizontal ones of the seat. Coney is ideal for both breakout areas in urban spaces or restaurants and homes terraces. A seat cushion is available.<\/p>\n","protected":false},"excerpt":{"rendered":"<p>A mono-material chair made of curved and strong tubular frame. The seat and backrest create a three-dimensional support, ensuring structural solidity and ergonomy. The equally spaced vertical slats of the backrest, moulded and shaped from metal sheet, create a distinctive pattern together with the horizontal ones of the seat. Coney is ideal for both breakout [&hellip;]<\/p>\n","protected":false},"featured_media":21931,"template":"","meta":{"_acf_changed":false},"collection":[3112],"product_cat":[2996,6,2906,3000],"product_tag":[],"class_list":{"0":"post-21933","1":"product","2":"type-product","3":"status-publish","4":"has-post-thumbnail","6":"collection-coney","7":"product_cat-armless-chairs","8":"product_cat-chairs","9":"product_cat-outdoor","10":"product_cat-outdoor-chairs","11":"specifications-specifications-outdoor","12":"back-finishes-metal-back","13":"frame-finishes-metal-structure","14":"seat-finishes-metal-seat","16":"first","17":"instock","18":"shipping-taxable","19":"product-type-simple"},"acf":[],"yoast_head":"<!-- This site is optimized with the Yoast SEO plugin v27.4 - https:\/\/yoast.com\/product\/yoast-seo-wordpress\/ -->\n<title>Coney 3640 - Espace Cabd\u00e9co \u2013 Mobilier commercial et r\u00e9sidentiel - Montr\u00e9al<\/title>\n<meta name=\"description\" content=\"Coney 3640 by Pedrali. Metal chair. Adapted for outdoor usage. Made in Italia. Espace Cabd\u00e9co. Commercial and residential furniture. Montr\u00e9al.\" \/>\n<meta name=\"robots\" content=\"index, follow, max-snippet:-1, max-image-preview:large, max-video-preview:-1\" \/>\n<link rel=\"canonical\" href=\"https:\/\/espacecabdeco.ca\/en\/product\/chairs\/armless-chairs\/coney-3640\/\" \/>\n<meta property=\"og:locale\" content=\"en_US\" \/>\n<meta property=\"og:type\" content=\"article\" \/>\n<meta property=\"og:title\" content=\"Coney 3640 - Espace Cabd\u00e9co \u2013 Mobilier commercial et r\u00e9sidentiel - Montr\u00e9al\" \/>\n<meta property=\"og:description\" content=\"Coney 3640 by Pedrali. Metal chair. Adapted for outdoor usage. Made in Italia. Espace Cabd\u00e9co. Commercial and residential furniture. Montr\u00e9al.\" \/>\n<meta property=\"og:url\" content=\"https:\/\/espacecabdeco.ca\/en\/product\/chairs\/armless-chairs\/coney-3640\/\" \/>\n<meta property=\"og:site_name\" content=\"Espace Cabd\u00e9co\" \/>\n<meta property=\"article:publisher\" content=\"https:\/\/www.facebook.com\/CAB-D%c3%a9co-626681560734273\/\" \/>\n<meta property=\"article:modified_time\" content=\"2026-04-14T17:21:17+00:00\" \/>\n<meta property=\"og:image\" content=\"https:\/\/espacecabdeco.ca\/wp-content\/uploads\/2025\/04\/coney-3640-still-01.jpg\" \/>\n\t<meta property=\"og:image:width\" content=\"583\" \/>\n\t<meta property=\"og:image:height\" content=\"454\" \/>\n\t<meta property=\"og:image:type\" content=\"image\/jpeg\" \/>\n<meta name=\"twitter:card\" content=\"summary_large_image\" \/>\n<meta name=\"twitter:site\" content=\"@cabdeco\" \/>\n<meta name=\"twitter:label1\" content=\"Est. reading time\" \/>\n\t<meta name=\"twitter:data1\" content=\"1 minute\" \/>\n<script type=\"application\/ld+json\" class=\"yoast-schema-graph\">{\"@context\":\"https:\\\/\\\/schema.org\",\"@graph\":[{\"@type\":\"WebPage\",\"@id\":\"https:\\\/\\\/espacecabdeco.ca\\\/en\\\/product\\\/chairs\\\/armless-chairs\\\/coney-3640\\\/\",\"url\":\"https:\\\/\\\/espacecabdeco.ca\\\/en\\\/product\\\/chairs\\\/armless-chairs\\\/coney-3640\\\/\",\"name\":\"Coney 3640 - Espace Cabd\u00e9co \u2013 Mobilier commercial et r\u00e9sidentiel - Montr\u00e9al\",\"isPartOf\":{\"@id\":\"https:\\\/\\\/espacecabdeco.ca\\\/en\\\/#website\"},\"primaryImageOfPage\":{\"@id\":\"https:\\\/\\\/espacecabdeco.ca\\\/en\\\/product\\\/chairs\\\/armless-chairs\\\/coney-3640\\\/#primaryimage\"},\"image\":{\"@id\":\"https:\\\/\\\/espacecabdeco.ca\\\/en\\\/product\\\/chairs\\\/armless-chairs\\\/coney-3640\\\/#primaryimage\"},\"thumbnailUrl\":\"https:\\\/\\\/espacecabdeco.ca\\\/wp-content\\\/uploads\\\/2025\\\/04\\\/coney-3640-still-01.jpg\",\"datePublished\":\"2026-04-14T17:09:58+00:00\",\"dateModified\":\"2026-04-14T17:21:17+00:00\",\"description\":\"Coney 3640 by Pedrali. Metal chair. Adapted for outdoor usage. Made in Italia. Espace Cabd\u00e9co. Commercial and residential furniture. Montr\u00e9al.\",\"breadcrumb\":{\"@id\":\"https:\\\/\\\/espacecabdeco.ca\\\/en\\\/product\\\/chairs\\\/armless-chairs\\\/coney-3640\\\/#breadcrumb\"},\"inLanguage\":\"en-CA\",\"potentialAction\":[{\"@type\":\"ReadAction\",\"target\":[\"https:\\\/\\\/espacecabdeco.ca\\\/en\\\/product\\\/chairs\\\/armless-chairs\\\/coney-3640\\\/\"]}]},{\"@type\":\"ImageObject\",\"inLanguage\":\"en-CA\",\"@id\":\"https:\\\/\\\/espacecabdeco.ca\\\/en\\\/product\\\/chairs\\\/armless-chairs\\\/coney-3640\\\/#primaryimage\",\"url\":\"https:\\\/\\\/espacecabdeco.ca\\\/wp-content\\\/uploads\\\/2025\\\/04\\\/coney-3640-still-01.jpg\",\"contentUrl\":\"https:\\\/\\\/espacecabdeco.ca\\\/wp-content\\\/uploads\\\/2025\\\/04\\\/coney-3640-still-01.jpg\",\"width\":583,\"height\":454},{\"@type\":\"BreadcrumbList\",\"@id\":\"https:\\\/\\\/espacecabdeco.ca\\\/en\\\/product\\\/chairs\\\/armless-chairs\\\/coney-3640\\\/#breadcrumb\",\"itemListElement\":[{\"@type\":\"ListItem\",\"position\":1,\"name\":\"Home\",\"item\":\"https:\\\/\\\/espacecabdeco.ca\\\/en\\\/\"},{\"@type\":\"ListItem\",\"position\":2,\"name\":\"Products\",\"item\":\"https:\\\/\\\/espacecabdeco.ca\\\/en\\\/shop\\\/\"},{\"@type\":\"ListItem\",\"position\":3,\"name\":\"Chairs\",\"item\":\"https:\\\/\\\/espacecabdeco.ca\\\/en\\\/product-category\\\/chairs\\\/\"},{\"@type\":\"ListItem\",\"position\":4,\"name\":\"Coney 3640\"}]},{\"@type\":\"WebSite\",\"@id\":\"https:\\\/\\\/espacecabdeco.ca\\\/en\\\/#website\",\"url\":\"https:\\\/\\\/espacecabdeco.ca\\\/en\\\/\",\"name\":\"Espace Cabd\u00e9co\",\"description\":\"Mobilier commercial et r\u00e9sidentiel \u00e0 Montr\u00e9al\",\"publisher\":{\"@id\":\"https:\\\/\\\/espacecabdeco.ca\\\/en\\\/#organization\"},\"potentialAction\":[{\"@type\":\"SearchAction\",\"target\":{\"@type\":\"EntryPoint\",\"urlTemplate\":\"https:\\\/\\\/espacecabdeco.ca\\\/en\\\/?s={search_term_string}\"},\"query-input\":{\"@type\":\"PropertyValueSpecification\",\"valueRequired\":true,\"valueName\":\"search_term_string\"}}],\"inLanguage\":\"en-CA\"},{\"@type\":\"Organization\",\"@id\":\"https:\\\/\\\/espacecabdeco.ca\\\/en\\\/#organization\",\"name\":\"Espace Cabd\u00e9co\",\"url\":\"https:\\\/\\\/espacecabdeco.ca\\\/en\\\/\",\"logo\":{\"@type\":\"ImageObject\",\"inLanguage\":\"en-CA\",\"@id\":\"https:\\\/\\\/espacecabdeco.ca\\\/en\\\/#\\\/schema\\\/logo\\\/image\\\/\",\"url\":\"https:\\\/\\\/espacecabdeco.ca\\\/wp-content\\\/uploads\\\/2026\\\/03\\\/logo-espace-cabdeco.svg\",\"contentUrl\":\"https:\\\/\\\/espacecabdeco.ca\\\/wp-content\\\/uploads\\\/2026\\\/03\\\/logo-espace-cabdeco.svg\",\"caption\":\"Espace Cabd\u00e9co\"},\"image\":{\"@id\":\"https:\\\/\\\/espacecabdeco.ca\\\/en\\\/#\\\/schema\\\/logo\\\/image\\\/\"},\"sameAs\":[\"https:\\\/\\\/www.facebook.com\\\/CAB-D\u00e9co-626681560734273\\\/\",\"https:\\\/\\\/x.com\\\/cabdeco\",\"http:\\\/\\\/instagram.com\\\/cabdeco\",\"https:\\\/\\\/www.linkedin.com\\\/company\\\/c-a-b-deco\",\"https:\\\/\\\/www.pinterest.com\\\/cabdeco\\\/\"]}]}<\/script>\n<!-- \/ Yoast SEO plugin. -->","yoast_head_json":{"title":"Coney 3640 - Espace Cabd\u00e9co \u2013 Mobilier commercial et r\u00e9sidentiel - Montr\u00e9al","description":"Coney 3640 by Pedrali. Metal chair. Adapted for outdoor usage. Made in Italia. Espace Cabd\u00e9co. Commercial and residential furniture. Montr\u00e9al.","robots":{"index":"index","follow":"follow","max-snippet":"max-snippet:-1","max-image-preview":"max-image-preview:large","max-video-preview":"max-video-preview:-1"},"canonical":"https:\/\/espacecabdeco.ca\/en\/product\/chairs\/armless-chairs\/coney-3640\/","og_locale":"en_US","og_type":"article","og_title":"Coney 3640 - Espace Cabd\u00e9co \u2013 Mobilier commercial et r\u00e9sidentiel - Montr\u00e9al","og_description":"Coney 3640 by Pedrali. Metal chair. Adapted for outdoor usage. Made in Italia. Espace Cabd\u00e9co. Commercial and residential furniture. Montr\u00e9al.","og_url":"https:\/\/espacecabdeco.ca\/en\/product\/chairs\/armless-chairs\/coney-3640\/","og_site_name":"Espace Cabd\u00e9co","article_publisher":"https:\/\/www.facebook.com\/CAB-D%c3%a9co-626681560734273\/","article_modified_time":"2026-04-14T17:21:17+00:00","og_image":[{"width":583,"height":454,"url":"https:\/\/espacecabdeco.ca\/wp-content\/uploads\/2025\/04\/coney-3640-still-01.jpg","type":"image\/jpeg"}],"twitter_card":"summary_large_image","twitter_site":"@cabdeco","twitter_misc":{"Est. reading time":"1 minute"},"schema":{"@context":"https:\/\/schema.org","@graph":[{"@type":"WebPage","@id":"https:\/\/espacecabdeco.ca\/en\/product\/chairs\/armless-chairs\/coney-3640\/","url":"https:\/\/espacecabdeco.ca\/en\/product\/chairs\/armless-chairs\/coney-3640\/","name":"Coney 3640 - Espace Cabd\u00e9co \u2013 Mobilier commercial et r\u00e9sidentiel - Montr\u00e9al","isPartOf":{"@id":"https:\/\/espacecabdeco.ca\/en\/#website"},"primaryImageOfPage":{"@id":"https:\/\/espacecabdeco.ca\/en\/product\/chairs\/armless-chairs\/coney-3640\/#primaryimage"},"image":{"@id":"https:\/\/espacecabdeco.ca\/en\/product\/chairs\/armless-chairs\/coney-3640\/#primaryimage"},"thumbnailUrl":"https:\/\/espacecabdeco.ca\/wp-content\/uploads\/2025\/04\/coney-3640-still-01.jpg","datePublished":"2026-04-14T17:09:58+00:00","dateModified":"2026-04-14T17:21:17+00:00","description":"Coney 3640 by Pedrali. Metal chair. Adapted for outdoor usage. Made in Italia. Espace Cabd\u00e9co. Commercial and residential furniture. Montr\u00e9al.","breadcrumb":{"@id":"https:\/\/espacecabdeco.ca\/en\/product\/chairs\/armless-chairs\/coney-3640\/#breadcrumb"},"inLanguage":"en-CA","potentialAction":[{"@type":"ReadAction","target":["https:\/\/espacecabdeco.ca\/en\/product\/chairs\/armless-chairs\/coney-3640\/"]}]},{"@type":"ImageObject","inLanguage":"en-CA","@id":"https:\/\/espacecabdeco.ca\/en\/product\/chairs\/armless-chairs\/coney-3640\/#primaryimage","url":"https:\/\/espacecabdeco.ca\/wp-content\/uploads\/2025\/04\/coney-3640-still-01.jpg","contentUrl":"https:\/\/espacecabdeco.ca\/wp-content\/uploads\/2025\/04\/coney-3640-still-01.jpg","width":583,"height":454},{"@type":"BreadcrumbList","@id":"https:\/\/espacecabdeco.ca\/en\/product\/chairs\/armless-chairs\/coney-3640\/#breadcrumb","itemListElement":[{"@type":"ListItem","position":1,"name":"Home","item":"https:\/\/espacecabdeco.ca\/en\/"},{"@type":"ListItem","position":2,"name":"Products","item":"https:\/\/espacecabdeco.ca\/en\/shop\/"},{"@type":"ListItem","position":3,"name":"Chairs","item":"https:\/\/espacecabdeco.ca\/en\/product-category\/chairs\/"},{"@type":"ListItem","position":4,"name":"Coney 3640"}]},{"@type":"WebSite","@id":"https:\/\/espacecabdeco.ca\/en\/#website","url":"https:\/\/espacecabdeco.ca\/en\/","name":"Espace Cabd\u00e9co","description":"Mobilier commercial et r\u00e9sidentiel \u00e0 Montr\u00e9al","publisher":{"@id":"https:\/\/espacecabdeco.ca\/en\/#organization"},"potentialAction":[{"@type":"SearchAction","target":{"@type":"EntryPoint","urlTemplate":"https:\/\/espacecabdeco.ca\/en\/?s={search_term_string}"},"query-input":{"@type":"PropertyValueSpecification","valueRequired":true,"valueName":"search_term_string"}}],"inLanguage":"en-CA"},{"@type":"Organization","@id":"https:\/\/espacecabdeco.ca\/en\/#organization","name":"Espace Cabd\u00e9co","url":"https:\/\/espacecabdeco.ca\/en\/","logo":{"@type":"ImageObject","inLanguage":"en-CA","@id":"https:\/\/espacecabdeco.ca\/en\/#\/schema\/logo\/image\/","url":"https:\/\/espacecabdeco.ca\/wp-content\/uploads\/2026\/03\/logo-espace-cabdeco.svg","contentUrl":"https:\/\/espacecabdeco.ca\/wp-content\/uploads\/2026\/03\/logo-espace-cabdeco.svg","caption":"Espace Cabd\u00e9co"},"image":{"@id":"https:\/\/espacecabdeco.ca\/en\/#\/schema\/logo\/image\/"},"sameAs":["https:\/\/www.facebook.com\/CAB-D\u00e9co-626681560734273\/","https:\/\/x.com\/cabdeco","http:\/\/instagram.com\/cabdeco","https:\/\/www.linkedin.com\/company\/c-a-b-deco","https:\/\/www.pinterest.com\/cabdeco\/"]}]}},"_links":{"self":[{"href":"https:\/\/espacecabdeco.ca\/en\/wp-json\/wp\/v2\/product\/21933","targetHints":{"allow":["GET"]}}],"collection":[{"href":"https:\/\/espacecabdeco.ca\/en\/wp-json\/wp\/v2\/product"}],"about":[{"href":"https:\/\/espacecabdeco.ca\/en\/wp-json\/wp\/v2\/types\/product"}],"wp:featuredmedia":[{"embeddable":true,"href":"https:\/\/espacecabdeco.ca\/en\/wp-json\/wp\/v2\/media\/21931"}],"wp:attachment":[{"href":"https:\/\/espacecabdeco.ca\/en\/wp-json\/wp\/v2\/media?parent=21933"}],"wp:term":[{"taxonomy":"collection","embeddable":true,"href":"https:\/\/espacecabdeco.ca\/en\/wp-json\/wp\/v2\/collection?post=21933"},{"taxonomy":"product_cat","embeddable":true,"href":"https:\/\/espacecabdeco.ca\/en\/wp-json\/wp\/v2\/product_cat?post=21933"},{"taxonomy":"product_tag","embeddable":true,"href":"https:\/\/espacecabdeco.ca\/en\/wp-json\/wp\/v2\/product_tag?post=21933"}],"curies":[{"name":"wp","href":"https:\/\/api.w.org\/{rel}","templated":true}]}}