{"id":462,"date":"2015-08-28T21:45:11","date_gmt":"2015-08-28T21:45:11","guid":{"rendered":"http:\/\/espacecabdeco.ca\/en\/?page_id=462"},"modified":"2026-04-14T13:17:35","modified_gmt":"2026-04-14T18:17:35","slug":"about-us","status":"publish","type":"page","link":"https:\/\/espacecabdeco.ca\/en\/about-us\/","title":{"rendered":"About Us"},"content":{"rendered":"\n<section class=\"wp-block-group alignfull has-background has-global-padding is-layout-constrained wp-container-core-group-is-layout-31283f10 wp-block-group-is-layout-constrained\" style=\"background-color:#e2d1bf;margin-bottom:0;padding-top:var(--wp--preset--spacing--50);padding-bottom:var(--wp--preset--spacing--80)\">\n<h1 class=\"wp-block-heading has-text-align-center\" style=\"padding-top:var(--wp--preset--spacing--60)\">About Us<\/h1>\n\n\n\n<div style=\"height:var(--wp--preset--spacing--70)\" aria-hidden=\"true\" class=\"wp-block-spacer\"><\/div>\n\n\n\n<div class=\"wp-block-media-text alignfull is-stacked-on-mobile is-vertically-aligned-top is-style-no-padding is-style-no-padding--1\" style=\"grid-template-columns:38% auto\"><figure class=\"wp-block-media-text__media\"><img loading=\"lazy\" decoding=\"async\" width=\"683\" height=\"800\" src=\"https:\/\/espacecabdeco.ca\/wp-content\/uploads\/2026\/04\/Projet_Mellem-1.jpg\" alt=\"\" class=\"wp-image-24092 size-full\" srcset=\"https:\/\/espacecabdeco.ca\/wp-content\/uploads\/2026\/04\/Projet_Mellem-1.jpg 683w, https:\/\/espacecabdeco.ca\/wp-content\/uploads\/2026\/04\/Projet_Mellem-1-256x300.jpg 256w\" sizes=\"auto, (max-width: 683px) 100vw, 683px\" \/><\/figure><div class=\"wp-block-media-text__content\">\n<div class=\"wp-block-group has-global-padding is-content-justification-left is-layout-constrained wp-container-core-group-is-layout-39a3c9c4 wp-block-group-is-layout-constrained\" style=\"padding-right:var(--wp--preset--spacing--60);padding-bottom:var(--wp--preset--spacing--50);padding-left:var(--wp--preset--spacing--60)\">\n<div style=\"height:var(--wp--preset--spacing--60)\" aria-hidden=\"true\" class=\"wp-block-spacer\"><\/div>\n\n\n\n<p class=\"has-28-font-size\" style=\"margin-top:0\">Espace Cabd\u00e9co is a proudly Quebec-based company established in Canada. For us, design is much more than just furniture, it\u2019s a passion that has driven us for over 30 years. <\/p>\n<\/div>\n<\/div><\/div>\n\n\n\n<div class=\"wp-block-media-text alignfull has-media-on-the-right is-stacked-on-mobile section-about-media-text-2\" style=\"grid-template-columns:auto 38%\"><div class=\"wp-block-media-text__content\">\n<div class=\"wp-block-group has-global-padding is-layout-constrained wp-container-core-group-is-layout-e4eaaeb1 wp-block-group-is-layout-constrained\">\n<p class=\"has-24-font-size\">Guided by our expertise and an exclusive selection of commercial furniture, we work with you to create unique environments designed to last and reflect your identity.<\/p>\n\n\n\n<p class=\"has-24-font-size\">Whether for an office, hotel, restaurant, or any other commercial, institutional, or residential project, we support you in creating durable, functional, and inspiring spaces.<\/p>\n<\/div>\n<\/div><figure class=\"wp-block-media-text__media\"><img loading=\"lazy\" decoding=\"async\" width=\"520\" height=\"578\" src=\"https:\/\/espacecabdeco.ca\/wp-content\/uploads\/2026\/03\/a-propos-espace-cabdeco-2.webp\" alt=\"\" class=\"wp-image-23219 size-full\" srcset=\"https:\/\/espacecabdeco.ca\/wp-content\/uploads\/2026\/03\/a-propos-espace-cabdeco-2.webp 520w, https:\/\/espacecabdeco.ca\/wp-content\/uploads\/2026\/03\/a-propos-espace-cabdeco-2-270x300.webp 270w\" sizes=\"auto, (max-width: 520px) 100vw, 520px\" \/><\/figure><\/div>\n\n\n\n<div style=\"height:var(--wp--preset--spacing--80)\" aria-hidden=\"true\" class=\"wp-block-spacer\"><\/div>\n\n\n\n<h2 class=\"wp-block-heading has-40-font-size\" style=\"font-style:normal;font-weight:300\">The Espace Cabd\u00e9co Team<\/h2>\n\n\n\n<div style=\"height:var(--wp--preset--spacing--80)\" aria-hidden=\"true\" class=\"wp-block-spacer\"><\/div>\n\n\n\n<div class=\"wp-block-columns is-layout-flex wp-container-core-columns-is-layout-cbe57604 wp-block-columns-is-layout-flex\">\n<div class=\"wp-block-column is-layout-flow wp-block-column-is-layout-flow\" style=\"flex-basis:300px\">\n<h3 class=\"wp-block-heading has-28-font-size\" style=\"font-style:normal;font-weight:400\">Nadine Chelbot<\/h3>\n<\/div>\n\n\n\n<div class=\"wp-block-column is-layout-flow wp-block-column-is-layout-flow\" style=\"flex-basis:25%\">\n<figure class=\"wp-block-image size-full\"><img loading=\"lazy\" decoding=\"async\" width=\"960\" height=\"1200\" src=\"https:\/\/espacecabdeco.ca\/wp-content\/uploads\/2026\/04\/nadine-chelbot.jpg\" alt=\"\" class=\"wp-image-23991\" srcset=\"https:\/\/espacecabdeco.ca\/wp-content\/uploads\/2026\/04\/nadine-chelbot.jpg 960w, https:\/\/espacecabdeco.ca\/wp-content\/uploads\/2026\/04\/nadine-chelbot-240x300.jpg 240w, https:\/\/espacecabdeco.ca\/wp-content\/uploads\/2026\/04\/nadine-chelbot-819x1024.jpg 819w\" sizes=\"auto, (max-width: 960px) 100vw, 960px\" \/><\/figure>\n<\/div>\n\n\n\n<div class=\"wp-block-column is-layout-flow wp-block-column-is-layout-flow\">\n<p class=\"has-18-font-size\">Holding a bachelor\u2019s degree in interior design, Nadine has been working in the design and furniture industry for over 20 years. Her career is driven by a genuine passion for furniture selection and for creating spaces that are both beautiful and functional, as well as truly inspiring. After several years as Sales Director at CAB D\u00e9co, she partnered with Guylaine L\u00e9vesque in July 2024 to found Espace Cabd\u00e9co. Together, they combine their design expertise, attention to detail, and human-centred approach to offer a personalized experience, supporting each client with sensitivity and precision in bringing their space to life.<\/p>\n<\/div>\n<\/div>\n\n\n\n<div style=\"height:var(--wp--preset--spacing--80)\" aria-hidden=\"true\" class=\"wp-block-spacer\"><\/div>\n\n\n\n<div class=\"wp-block-columns is-layout-flex wp-container-core-columns-is-layout-cbe57604 wp-block-columns-is-layout-flex\">\n<div class=\"wp-block-column is-layout-flow wp-block-column-is-layout-flow\" style=\"flex-basis:300px\">\n<h3 class=\"wp-block-heading has-28-font-size\" style=\"font-style:normal;font-weight:400\">Guylaine L\u00e9vesque<\/h3>\n<\/div>\n\n\n\n<div class=\"wp-block-column is-layout-flow wp-block-column-is-layout-flow\" style=\"flex-basis:25%\">\n<figure class=\"wp-block-image size-full\"><img loading=\"lazy\" decoding=\"async\" width=\"960\" height=\"1200\" src=\"https:\/\/espacecabdeco.ca\/wp-content\/uploads\/2026\/04\/guylaine-levesque.jpg\" alt=\"\" class=\"wp-image-23993\" srcset=\"https:\/\/espacecabdeco.ca\/wp-content\/uploads\/2026\/04\/guylaine-levesque.jpg 960w, https:\/\/espacecabdeco.ca\/wp-content\/uploads\/2026\/04\/guylaine-levesque-240x300.jpg 240w, https:\/\/espacecabdeco.ca\/wp-content\/uploads\/2026\/04\/guylaine-levesque-819x1024.jpg 819w\" sizes=\"auto, (max-width: 960px) 100vw, 960px\" \/><\/figure>\n<\/div>\n\n\n\n<div class=\"wp-block-column is-layout-flow wp-block-column-is-layout-flow\">\n<p class=\"has-18-font-size\">Guylaine L\u00e9vesque was part of the CAB D\u00e9co team for 35 years, where she played a key role in managing the company\u2019s administrative and logistics operations with dedication and care. In July 2024, she partnered with Nadine Chelhot to become co-owner of Espace Cabd\u00e9co, a company they now lead together with passion and complementary strengths. <\/p>\n<\/div>\n<\/div>\n<\/section>\n\n<div class=\"wp-block-cover alignfull is-light wp-block-cover-612\" style=\"min-height:350px;aspect-ratio:unset;\"><img loading=\"lazy\" decoding=\"async\" width=\"1024\" height=\"459\" class=\"wp-block-cover__image-background wp-image-23221 size-large\" alt=\"\" src=\"https:\/\/espacecabdeco.ca\/wp-content\/uploads\/2026\/03\/espace-cabdeco-1024x459.webp\" data-object-fit=\"cover\" srcset=\"https:\/\/espacecabdeco.ca\/wp-content\/uploads\/2026\/03\/espace-cabdeco-1024x459.webp 1024w, https:\/\/espacecabdeco.ca\/wp-content\/uploads\/2026\/03\/espace-cabdeco-300x134.webp 300w, https:\/\/espacecabdeco.ca\/wp-content\/uploads\/2026\/03\/espace-cabdeco.webp 1366w\" sizes=\"auto, (max-width: 1024px) 100vw, 1024px\" \/><span aria-hidden=\"true\" class=\"wp-block-cover__background has-background-dim\" style=\"background-color:#b7aca9\"><\/span><div class=\"wp-block-cover__inner-container has-global-padding is-layout-constrained wp-block-cover-is-layout-constrained\">\n<p class=\"has-text-align-center has-large-font-size\"><\/p>\n<\/div><\/div>\n\n<div style=\"height:var(--wp--preset--spacing--70)\" aria-hidden=\"true\" class=\"wp-block-spacer\"><\/div>\n\n<section class=\"wp-block-group alignfull has-blanc-casse-chaud-background-color has-background has-global-padding is-layout-constrained wp-container-core-group-is-layout-a6e38955 wp-block-group-is-layout-constrained\" style=\"border-top-left-radius:0px;border-top-right-radius:0px;border-bottom-left-radius:0px;border-bottom-right-radius:0px;margin-top:0px\">\n<div class=\"wp-block-columns has-gris-sauge-pale-background-color has-background is-layout-flex wp-container-core-columns-is-layout-f65187a8 wp-block-columns-is-layout-flex\" style=\"border-top-left-radius:12px;border-top-right-radius:12px;border-bottom-left-radius:12px;border-bottom-right-radius:12px;padding-top:var(--wp--preset--spacing--60);padding-right:var(--wp--preset--spacing--60);padding-bottom:var(--wp--preset--spacing--60);padding-left:var(--wp--preset--spacing--60)\">\n<div class=\"wp-block-column is-layout-flow wp-block-column-is-layout-flow\" style=\"flex-basis:70%\">\n<h2 class=\"wp-block-heading has-28-font-size\" style=\"font-style:normal;font-weight:300;line-height:1.2\">Our showroom is open <strong>by appointment only<\/strong>, from Monday to Friday, 9 a.m. to 5 p.m.<\/h2>\n<\/div>\n\n\n\n<div class=\"wp-block-column is-layout-flow wp-block-column-is-layout-flow\" style=\"flex-basis:30%\">\n<div class=\"wp-block-buttons is-content-justification-center is-layout-flex wp-container-core-buttons-is-layout-89c7c673 wp-block-buttons-is-layout-flex\" style=\"margin-top:var(--wp--preset--spacing--20);margin-bottom:0;padding-top:0;padding-bottom:0\">\n<div class=\"wp-block-button is-style-fill\"><a class=\"wp-block-button__link wp-element-button\" href=\"https:\/\/espacecabdeco.ca\/en\/contact-us\/\">Book an appointment<\/a><\/div>\n<\/div>\n<\/div>\n<\/div>\n<\/section>\n","protected":false},"excerpt":{"rendered":"<p>About Us Espace Cabd\u00e9co is a proudly Quebec-based company established in Canada. For us, design is much more than just furniture, it\u2019s a passion that has driven us for over 30 years. Guided by our expertise and an exclusive selection of commercial furniture, we work with you to create unique environments designed to last and [&hellip;]<\/p>\n","protected":false},"author":2,"featured_media":23904,"parent":0,"menu_order":8,"comment_status":"open","ping_status":"closed","template":"","meta":{"_acf_changed":false,"footnotes":""},"class_list":["post-462","page","type-page","status-publish","has-post-thumbnail","hentry"],"acf":[],"yoast_head":"<!-- This site is optimized with the Yoast SEO plugin v27.4 - https:\/\/yoast.com\/product\/yoast-seo-wordpress\/ -->\n<title>Espace Cabd\u00e9co - About Us<\/title>\n<meta name=\"description\" content=\"Espace Cabd\u00e9co - With over three decades of experience, our passion for design and our expertise enable us to guide you in selecting the right furniture for your projects, whether they involve hotels, restaurants, offices, commercial spaces, or residential properties.\" \/>\n<meta name=\"robots\" content=\"index, follow, max-snippet:-1, max-image-preview:large, max-video-preview:-1\" \/>\n<link rel=\"canonical\" href=\"https:\/\/espacecabdeco.ca\/en\/about-us\/\" \/>\n<meta property=\"og:locale\" content=\"en_US\" \/>\n<meta property=\"og:type\" content=\"article\" \/>\n<meta property=\"og:title\" content=\"Espace Cabd\u00e9co - About Us\" \/>\n<meta property=\"og:description\" content=\"Espace Cabd\u00e9co - With over three decades of experience, our passion for design and our expertise enable us to guide you in selecting the right furniture for your projects, whether they involve hotels, restaurants, offices, commercial spaces, or residential properties.\" \/>\n<meta property=\"og:url\" content=\"https:\/\/espacecabdeco.ca\/en\/about-us\/\" \/>\n<meta property=\"og:site_name\" content=\"Espace Cabd\u00e9co\" \/>\n<meta property=\"article:publisher\" content=\"https:\/\/www.facebook.com\/CAB-D%c3%a9co-626681560734273\/\" \/>\n<meta property=\"article:modified_time\" content=\"2026-04-14T18:17:35+00:00\" \/>\n<meta property=\"og:image\" content=\"https:\/\/espacecabdeco.ca\/wp-content\/uploads\/2026\/04\/showroom-nous-joindre.jpg\" \/>\n\t<meta property=\"og:image:width\" content=\"1440\" \/>\n\t<meta property=\"og:image:height\" content=\"785\" \/>\n\t<meta property=\"og:image:type\" content=\"image\/jpeg\" \/>\n<meta name=\"twitter:card\" content=\"summary_large_image\" \/>\n<meta name=\"twitter:site\" content=\"@cabdeco\" \/>\n<meta name=\"twitter:label1\" content=\"Est. reading time\" \/>\n\t<meta name=\"twitter:data1\" content=\"2 minutes\" \/>\n<script type=\"application\/ld+json\" class=\"yoast-schema-graph\">{\"@context\":\"https:\\\/\\\/schema.org\",\"@graph\":[{\"@type\":\"WebPage\",\"@id\":\"https:\\\/\\\/espacecabdeco.ca\\\/en\\\/about-us\\\/\",\"url\":\"https:\\\/\\\/espacecabdeco.ca\\\/en\\\/about-us\\\/\",\"name\":\"Espace Cabd\u00e9co - About Us\",\"isPartOf\":{\"@id\":\"https:\\\/\\\/espacecabdeco.ca\\\/en\\\/#website\"},\"primaryImageOfPage\":{\"@id\":\"https:\\\/\\\/espacecabdeco.ca\\\/en\\\/about-us\\\/#primaryimage\"},\"image\":{\"@id\":\"https:\\\/\\\/espacecabdeco.ca\\\/en\\\/about-us\\\/#primaryimage\"},\"thumbnailUrl\":\"https:\\\/\\\/espacecabdeco.ca\\\/wp-content\\\/uploads\\\/2026\\\/04\\\/showroom-nous-joindre.jpg\",\"datePublished\":\"2015-08-28T21:45:11+00:00\",\"dateModified\":\"2026-04-14T18:17:35+00:00\",\"description\":\"Espace Cabd\u00e9co - With over three decades of experience, our passion for design and our expertise enable us to guide you in selecting the right furniture for your projects, whether they involve hotels, restaurants, offices, commercial spaces, or residential properties.\",\"breadcrumb\":{\"@id\":\"https:\\\/\\\/espacecabdeco.ca\\\/en\\\/about-us\\\/#breadcrumb\"},\"inLanguage\":\"en-CA\",\"potentialAction\":[{\"@type\":\"ReadAction\",\"target\":[\"https:\\\/\\\/espacecabdeco.ca\\\/en\\\/about-us\\\/\"]}]},{\"@type\":\"ImageObject\",\"inLanguage\":\"en-CA\",\"@id\":\"https:\\\/\\\/espacecabdeco.ca\\\/en\\\/about-us\\\/#primaryimage\",\"url\":\"https:\\\/\\\/espacecabdeco.ca\\\/wp-content\\\/uploads\\\/2026\\\/04\\\/showroom-nous-joindre.jpg\",\"contentUrl\":\"https:\\\/\\\/espacecabdeco.ca\\\/wp-content\\\/uploads\\\/2026\\\/04\\\/showroom-nous-joindre.jpg\",\"width\":1440,\"height\":785},{\"@type\":\"BreadcrumbList\",\"@id\":\"https:\\\/\\\/espacecabdeco.ca\\\/en\\\/about-us\\\/#breadcrumb\",\"itemListElement\":[{\"@type\":\"ListItem\",\"position\":1,\"name\":\"Home\",\"item\":\"https:\\\/\\\/espacecabdeco.ca\\\/en\\\/\"},{\"@type\":\"ListItem\",\"position\":2,\"name\":\"About Us\"}]},{\"@type\":\"WebSite\",\"@id\":\"https:\\\/\\\/espacecabdeco.ca\\\/en\\\/#website\",\"url\":\"https:\\\/\\\/espacecabdeco.ca\\\/en\\\/\",\"name\":\"Espace Cabd\u00e9co\",\"description\":\"Mobilier commercial et r\u00e9sidentiel \u00e0 Montr\u00e9al\",\"publisher\":{\"@id\":\"https:\\\/\\\/espacecabdeco.ca\\\/en\\\/#organization\"},\"potentialAction\":[{\"@type\":\"SearchAction\",\"target\":{\"@type\":\"EntryPoint\",\"urlTemplate\":\"https:\\\/\\\/espacecabdeco.ca\\\/en\\\/?s={search_term_string}\"},\"query-input\":{\"@type\":\"PropertyValueSpecification\",\"valueRequired\":true,\"valueName\":\"search_term_string\"}}],\"inLanguage\":\"en-CA\"},{\"@type\":\"Organization\",\"@id\":\"https:\\\/\\\/espacecabdeco.ca\\\/en\\\/#organization\",\"name\":\"Espace Cabd\u00e9co\",\"url\":\"https:\\\/\\\/espacecabdeco.ca\\\/en\\\/\",\"logo\":{\"@type\":\"ImageObject\",\"inLanguage\":\"en-CA\",\"@id\":\"https:\\\/\\\/espacecabdeco.ca\\\/en\\\/#\\\/schema\\\/logo\\\/image\\\/\",\"url\":\"https:\\\/\\\/espacecabdeco.ca\\\/wp-content\\\/uploads\\\/2026\\\/03\\\/logo-espace-cabdeco.svg\",\"contentUrl\":\"https:\\\/\\\/espacecabdeco.ca\\\/wp-content\\\/uploads\\\/2026\\\/03\\\/logo-espace-cabdeco.svg\",\"caption\":\"Espace Cabd\u00e9co\"},\"image\":{\"@id\":\"https:\\\/\\\/espacecabdeco.ca\\\/en\\\/#\\\/schema\\\/logo\\\/image\\\/\"},\"sameAs\":[\"https:\\\/\\\/www.facebook.com\\\/CAB-D\u00e9co-626681560734273\\\/\",\"https:\\\/\\\/x.com\\\/cabdeco\",\"http:\\\/\\\/instagram.com\\\/cabdeco\",\"https:\\\/\\\/www.linkedin.com\\\/company\\\/c-a-b-deco\",\"https:\\\/\\\/www.pinterest.com\\\/cabdeco\\\/\"]}]}<\/script>\n<!-- \/ Yoast SEO plugin. -->","yoast_head_json":{"title":"Espace Cabd\u00e9co - About Us","description":"Espace Cabd\u00e9co - With over three decades of experience, our passion for design and our expertise enable us to guide you in selecting the right furniture for your projects, whether they involve hotels, restaurants, offices, commercial spaces, or residential properties.","robots":{"index":"index","follow":"follow","max-snippet":"max-snippet:-1","max-image-preview":"max-image-preview:large","max-video-preview":"max-video-preview:-1"},"canonical":"https:\/\/espacecabdeco.ca\/en\/about-us\/","og_locale":"en_US","og_type":"article","og_title":"Espace Cabd\u00e9co - About Us","og_description":"Espace Cabd\u00e9co - With over three decades of experience, our passion for design and our expertise enable us to guide you in selecting the right furniture for your projects, whether they involve hotels, restaurants, offices, commercial spaces, or residential properties.","og_url":"https:\/\/espacecabdeco.ca\/en\/about-us\/","og_site_name":"Espace Cabd\u00e9co","article_publisher":"https:\/\/www.facebook.com\/CAB-D%c3%a9co-626681560734273\/","article_modified_time":"2026-04-14T18:17:35+00:00","og_image":[{"width":1440,"height":785,"url":"https:\/\/espacecabdeco.ca\/wp-content\/uploads\/2026\/04\/showroom-nous-joindre.jpg","type":"image\/jpeg"}],"twitter_card":"summary_large_image","twitter_site":"@cabdeco","twitter_misc":{"Est. reading time":"2 minutes"},"schema":{"@context":"https:\/\/schema.org","@graph":[{"@type":"WebPage","@id":"https:\/\/espacecabdeco.ca\/en\/about-us\/","url":"https:\/\/espacecabdeco.ca\/en\/about-us\/","name":"Espace Cabd\u00e9co - About Us","isPartOf":{"@id":"https:\/\/espacecabdeco.ca\/en\/#website"},"primaryImageOfPage":{"@id":"https:\/\/espacecabdeco.ca\/en\/about-us\/#primaryimage"},"image":{"@id":"https:\/\/espacecabdeco.ca\/en\/about-us\/#primaryimage"},"thumbnailUrl":"https:\/\/espacecabdeco.ca\/wp-content\/uploads\/2026\/04\/showroom-nous-joindre.jpg","datePublished":"2015-08-28T21:45:11+00:00","dateModified":"2026-04-14T18:17:35+00:00","description":"Espace Cabd\u00e9co - With over three decades of experience, our passion for design and our expertise enable us to guide you in selecting the right furniture for your projects, whether they involve hotels, restaurants, offices, commercial spaces, or residential properties.","breadcrumb":{"@id":"https:\/\/espacecabdeco.ca\/en\/about-us\/#breadcrumb"},"inLanguage":"en-CA","potentialAction":[{"@type":"ReadAction","target":["https:\/\/espacecabdeco.ca\/en\/about-us\/"]}]},{"@type":"ImageObject","inLanguage":"en-CA","@id":"https:\/\/espacecabdeco.ca\/en\/about-us\/#primaryimage","url":"https:\/\/espacecabdeco.ca\/wp-content\/uploads\/2026\/04\/showroom-nous-joindre.jpg","contentUrl":"https:\/\/espacecabdeco.ca\/wp-content\/uploads\/2026\/04\/showroom-nous-joindre.jpg","width":1440,"height":785},{"@type":"BreadcrumbList","@id":"https:\/\/espacecabdeco.ca\/en\/about-us\/#breadcrumb","itemListElement":[{"@type":"ListItem","position":1,"name":"Home","item":"https:\/\/espacecabdeco.ca\/en\/"},{"@type":"ListItem","position":2,"name":"About Us"}]},{"@type":"WebSite","@id":"https:\/\/espacecabdeco.ca\/en\/#website","url":"https:\/\/espacecabdeco.ca\/en\/","name":"Espace Cabd\u00e9co","description":"Mobilier commercial et r\u00e9sidentiel \u00e0 Montr\u00e9al","publisher":{"@id":"https:\/\/espacecabdeco.ca\/en\/#organization"},"potentialAction":[{"@type":"SearchAction","target":{"@type":"EntryPoint","urlTemplate":"https:\/\/espacecabdeco.ca\/en\/?s={search_term_string}"},"query-input":{"@type":"PropertyValueSpecification","valueRequired":true,"valueName":"search_term_string"}}],"inLanguage":"en-CA"},{"@type":"Organization","@id":"https:\/\/espacecabdeco.ca\/en\/#organization","name":"Espace Cabd\u00e9co","url":"https:\/\/espacecabdeco.ca\/en\/","logo":{"@type":"ImageObject","inLanguage":"en-CA","@id":"https:\/\/espacecabdeco.ca\/en\/#\/schema\/logo\/image\/","url":"https:\/\/espacecabdeco.ca\/wp-content\/uploads\/2026\/03\/logo-espace-cabdeco.svg","contentUrl":"https:\/\/espacecabdeco.ca\/wp-content\/uploads\/2026\/03\/logo-espace-cabdeco.svg","caption":"Espace Cabd\u00e9co"},"image":{"@id":"https:\/\/espacecabdeco.ca\/en\/#\/schema\/logo\/image\/"},"sameAs":["https:\/\/www.facebook.com\/CAB-D\u00e9co-626681560734273\/","https:\/\/x.com\/cabdeco","http:\/\/instagram.com\/cabdeco","https:\/\/www.linkedin.com\/company\/c-a-b-deco","https:\/\/www.pinterest.com\/cabdeco\/"]}]}},"_links":{"self":[{"href":"https:\/\/espacecabdeco.ca\/en\/wp-json\/wp\/v2\/pages\/462","targetHints":{"allow":["GET"]}}],"collection":[{"href":"https:\/\/espacecabdeco.ca\/en\/wp-json\/wp\/v2\/pages"}],"about":[{"href":"https:\/\/espacecabdeco.ca\/en\/wp-json\/wp\/v2\/types\/page"}],"author":[{"embeddable":true,"href":"https:\/\/espacecabdeco.ca\/en\/wp-json\/wp\/v2\/users\/2"}],"replies":[{"embeddable":true,"href":"https:\/\/espacecabdeco.ca\/en\/wp-json\/wp\/v2\/comments?post=462"}],"version-history":[{"count":5,"href":"https:\/\/espacecabdeco.ca\/en\/wp-json\/wp\/v2\/pages\/462\/revisions"}],"predecessor-version":[{"id":24107,"href":"https:\/\/espacecabdeco.ca\/en\/wp-json\/wp\/v2\/pages\/462\/revisions\/24107"}],"wp:featuredmedia":[{"embeddable":true,"href":"https:\/\/espacecabdeco.ca\/en\/wp-json\/wp\/v2\/media\/23904"}],"wp:attachment":[{"href":"https:\/\/espacecabdeco.ca\/en\/wp-json\/wp\/v2\/media?parent=462"}],"curies":[{"name":"wp","href":"https:\/\/api.w.org\/{rel}","templated":true}]}}