{"id":23002,"date":"2026-03-26T15:01:12","date_gmt":"2026-03-26T20:01:12","guid":{"rendered":"https:\/\/espacecabdeco.ca\/projects\/services\/"},"modified":"2026-04-14T14:06:09","modified_gmt":"2026-04-14T19:06:09","slug":"services","status":"publish","type":"page","link":"https:\/\/espacecabdeco.ca\/en\/spaces\/services\/","title":{"rendered":"Services"},"content":{"rendered":"\n<section class=\"wp-block-group alignfull has-background has-global-padding is-layout-constrained wp-container-core-group-is-layout-9a2497d0 wp-block-group-is-layout-constrained\" style=\"background-color:#e2d1bf80;padding-top:var(--wp--preset--spacing--60);padding-bottom:var(--wp--preset--spacing--60)\"><div class=\"yoast-breadcrumbs\"><span><span><a href=\"https:\/\/espacecabdeco.ca\/en\/\">Home<\/a><\/span> &gt; <span><a href=\"https:\/\/espacecabdeco.ca\/en\/spaces\/\">Spaces<\/a><\/span> &gt; <span class=\"breadcrumb_last\" aria-current=\"page\">Services<\/span><\/span><\/div>\n\n\n\n\n<h1 class=\"wp-block-heading has-text-align-center\">Service Spaces<\/h1>\n\n\n\n<div style=\"height:var(--wp--preset--spacing--50)\" aria-hidden=\"true\" class=\"wp-block-spacer\"><\/div>\n\n\n\n<div class=\"wp-block-group has-global-padding is-layout-constrained wp-container-core-group-is-layout-06c17d6c wp-block-group-is-layout-constrained\">\n<p class=\"has-text-align-center has-20-font-size\">Our furniture enhances welcome, efficiency, and conviviality to support smooth, professional interactions.<\/p>\n<\/div>\n<\/section>\n\n<section class=\"wp-block-group alignfull has-background has-global-padding is-layout-constrained wp-container-core-group-is-layout-57f10ad3 wp-block-group-is-layout-constrained\" style=\"background-color:#e2d1bf80;margin-bottom:var(--wp--preset--spacing--70);padding-top:var(--wp--preset--spacing--60);padding-bottom:var(--wp--preset--spacing--80)\">\n<div class=\"wp-block-query is-layout-flow wp-block-query-is-layout-flow\"><ul class=\"columns-3 wp-block-post-template is-layout-grid wp-container-core-post-template-is-layout-f39bca43 wp-block-post-template-is-layout-grid\"><li class=\"wp-block-post post-18460 project type-project status-publish has-post-thumbnail hentry\">\n<figure style=\"width:100%;height:315px; margin-bottom:var(--wp--preset--spacing--30);\" class=\"animation-zoom wp-block-post-featured-image\"><a href=\"https:\/\/espacecabdeco.ca\/en\/espaces\/services\/clinique-de-loeil-rockland\/\" target=\"_self\"  style=\"height:315px\"><img loading=\"lazy\" decoding=\"async\" width=\"630\" height=\"568\" src=\"https:\/\/espacecabdeco.ca\/wp-content\/uploads\/2022\/02\/jazz_square-1.jpg\" class=\"attachment-post-thumbnail size-post-thumbnail wp-post-image\" alt=\"Clinique de l\u2019\u0153il Rockland\" style=\"border-top-left-radius:12px;border-top-right-radius:12px;border-bottom-left-radius:12px;border-bottom-right-radius:12px;height:315px;object-fit:cover;\" srcset=\"https:\/\/espacecabdeco.ca\/wp-content\/uploads\/2022\/02\/jazz_square-1.jpg 630w, https:\/\/espacecabdeco.ca\/wp-content\/uploads\/2022\/02\/jazz_square-1-300x270.jpg 300w, https:\/\/espacecabdeco.ca\/wp-content\/uploads\/2022\/02\/jazz_square-1-620x560.jpg 620w, https:\/\/espacecabdeco.ca\/wp-content\/uploads\/2022\/02\/jazz_square-1-500x451.jpg 500w\" sizes=\"auto, (max-width: 630px) 100vw, 630px\" \/><\/a><\/figure>\n\n<h2 class=\"has-text-align-center wp-block-post-title has-18-font-size\">Clinique de l\u2019\u0153il Rockland<\/h2>\n<\/li><\/ul><\/div>\n\n\n\n<div style=\"height:var(--wp--preset--spacing--70)\" aria-hidden=\"true\" class=\"wp-block-spacer\"><\/div>\n\n\n\n<div class=\"wp-block-group has-blanc-casse-chaud-background-color has-background is-layout-flow wp-block-group-is-layout-flow\" style=\"border-top-left-radius:12px;border-top-right-radius:12px;border-bottom-left-radius:12px;border-bottom-right-radius:12px;padding-top:var(--wp--preset--spacing--60);padding-right:var(--wp--preset--spacing--60);padding-bottom:var(--wp--preset--spacing--60);padding-left:var(--wp--preset--spacing--60)\">\n<h2 class=\"wp-block-heading has-24-font-size\" style=\"margin-bottom:var(--wp--preset--spacing--40)\">Services furnished by Espace Cabd\u00e9co<\/h2>\n\n\n\n<div class=\"wp-block-columns is-layout-flex wp-container-core-columns-is-layout-28f84493 wp-block-columns-is-layout-flex\">\n<div class=\"wp-block-column is-layout-flow wp-block-column-is-layout-flow\">\n<ul class=\"wp-block-list is-style-no-bullets has-18-font-size is-style-no-bullets--1\">\n<li>Aldo Group<\/li>\n\n\n\n<li>Clinique de l\u2019\u0153il Rockland<\/li>\n\n\n\n<li>Le Lunetier Saint-L\u00e9onard<\/li>\n\n\n\n<li>Le Lunetier Longueuil<\/li>\n\n\n\n<li>Le Lunetier Laval<\/li>\n<\/ul>\n<\/div>\n\n\n\n<div class=\"wp-block-column is-layout-flow wp-block-column-is-layout-flow\">\n<ul class=\"wp-block-list is-style-no-bullets has-18-font-size is-style-no-bullets--2\">\n<li>Le Lunetier Chambly<\/li>\n\n\n\n<li>Lunetterie Parade<\/li>\n\n\n\n<li>Centre dentaire Rachel<\/li>\n\n\n\n<li>Centura showroom<\/li>\n\n\n\n<li>Cimeti\u00e8re du Mont-Royal<\/li>\n<\/ul>\n<\/div>\n\n\n\n<div class=\"wp-block-column is-layout-flow wp-block-column-is-layout-flow\">\n<ul class=\"wp-block-list is-style-no-bullets has-18-font-size is-style-no-bullets--3\">\n<li>Dioc\u00e8se Saint-Jean Longueuil<\/li>\n\n\n\n<li>Memoria<\/li>\n\n\n\n<li>Opto R\u00e9seau<\/li>\n\n\n\n<li>Reitmans<\/li>\n<\/ul>\n<\/div>\n<\/div>\n\n\n\n<hr class=\"wp-block-separator has-text-color has-alpha-channel-opacity has-background\" style=\"margin-top:var(--wp--preset--spacing--40);background-color:#3b3b3914;color:#3b3b3914\"\/>\n\n\n\n<p class=\"has-18-font-size\" style=\"margin-top:var(--wp--preset--spacing--30)\">And much more!<\/p>\n<\/div>\n<\/section>\n\n<section class=\"wp-block-group alignfull has-blanc-casse-chaud-background-color has-background has-global-padding is-layout-constrained wp-container-core-group-is-layout-a6e38955 wp-block-group-is-layout-constrained\" style=\"border-top-left-radius:0px;border-top-right-radius:0px;border-bottom-left-radius:0px;border-bottom-right-radius:0px;margin-top:0px\">\n<div class=\"wp-block-columns has-gris-sauge-pale-background-color has-background is-layout-flex wp-container-core-columns-is-layout-f65187a8 wp-block-columns-is-layout-flex\" style=\"border-top-left-radius:12px;border-top-right-radius:12px;border-bottom-left-radius:12px;border-bottom-right-radius:12px;padding-top:var(--wp--preset--spacing--60);padding-right:var(--wp--preset--spacing--60);padding-bottom:var(--wp--preset--spacing--60);padding-left:var(--wp--preset--spacing--60)\">\n<div class=\"wp-block-column is-layout-flow wp-block-column-is-layout-flow\" style=\"flex-basis:70%\">\n<h2 class=\"wp-block-heading has-28-font-size\" style=\"font-style:normal;font-weight:300;line-height:1.2\">Our showroom is open <strong>by appointment only<\/strong>, from Monday to Friday, 9 a.m. to 5 p.m.<\/h2>\n<\/div>\n\n\n\n<div class=\"wp-block-column is-layout-flow wp-block-column-is-layout-flow\" style=\"flex-basis:30%\">\n<div class=\"wp-block-buttons is-content-justification-center is-layout-flex wp-container-core-buttons-is-layout-89c7c673 wp-block-buttons-is-layout-flex\" style=\"margin-top:var(--wp--preset--spacing--20);margin-bottom:0;padding-top:0;padding-bottom:0\">\n<div class=\"wp-block-button is-style-fill\"><a class=\"wp-block-button__link wp-element-button\" href=\"https:\/\/espacecabdeco.ca\/en\/contact-us\/\">Book an appointment<\/a><\/div>\n<\/div>\n<\/div>\n<\/div>\n<\/section>\n","protected":false},"excerpt":{"rendered":"<p>Service Spaces Our furniture enhances welcome, efficiency, and conviviality to support smooth, professional interactions. Services furnished by Espace Cabd\u00e9co And much more!<\/p>\n","protected":false},"author":2,"featured_media":0,"parent":52,"menu_order":0,"comment_status":"closed","ping_status":"closed","template":"","meta":{"_acf_changed":false,"footnotes":""},"class_list":["post-23002","page","type-page","status-publish","hentry"],"acf":[],"yoast_head":"<!-- This site is optimized with the Yoast SEO plugin v27.4 - https:\/\/yoast.com\/product\/yoast-seo-wordpress\/ -->\n<title>Services - Espace Cabd\u00e9co - CAB D\u00e9co - Mobilier commecial et r\u00e9sidentiel - Montreal<\/title>\n<meta name=\"description\" content=\"Chaises et mobilier design de qualit\u00e9 contrat \u00e0 Montr\u00e9al\" \/>\n<meta name=\"robots\" content=\"index, follow, max-snippet:-1, max-image-preview:large, max-video-preview:-1\" \/>\n<link rel=\"canonical\" href=\"https:\/\/espacecabdeco.ca\/en\/spaces\/services\/\" \/>\n<meta property=\"og:locale\" content=\"en_US\" \/>\n<meta property=\"og:type\" content=\"article\" \/>\n<meta property=\"og:title\" content=\"Services - Espace Cabd\u00e9co - CAB D\u00e9co - Mobilier commecial et r\u00e9sidentiel - Montreal\" \/>\n<meta property=\"og:description\" content=\"Chaises et mobilier design de qualit\u00e9 contrat \u00e0 Montr\u00e9al\" \/>\n<meta property=\"og:url\" content=\"https:\/\/espacecabdeco.ca\/en\/spaces\/services\/\" \/>\n<meta property=\"og:site_name\" content=\"Espace Cabd\u00e9co\" \/>\n<meta property=\"article:publisher\" content=\"https:\/\/www.facebook.com\/CAB-D%c3%a9co-626681560734273\/\" \/>\n<meta property=\"article:modified_time\" content=\"2026-04-14T19:06:09+00:00\" \/>\n<meta property=\"og:image\" content=\"http:\/\/espacecabdeco.ca\/wp-content\/uploads\/2016\/03\/social-card.png\" \/>\n<meta name=\"twitter:card\" content=\"summary_large_image\" \/>\n<meta name=\"twitter:site\" content=\"@cabdeco\" \/>\n<script type=\"application\/ld+json\" class=\"yoast-schema-graph\">{\"@context\":\"https:\\\/\\\/schema.org\",\"@graph\":[{\"@type\":\"WebPage\",\"@id\":\"https:\\\/\\\/espacecabdeco.ca\\\/en\\\/spaces\\\/services\\\/\",\"url\":\"https:\\\/\\\/espacecabdeco.ca\\\/en\\\/spaces\\\/services\\\/\",\"name\":\"Services - Espace Cabd\u00e9co - CAB D\u00e9co - Mobilier commecial et r\u00e9sidentiel - Montreal\",\"isPartOf\":{\"@id\":\"https:\\\/\\\/espacecabdeco.ca\\\/en\\\/#website\"},\"datePublished\":\"2026-03-26T20:01:12+00:00\",\"dateModified\":\"2026-04-14T19:06:09+00:00\",\"description\":\"Chaises et mobilier design de qualit\u00e9 contrat \u00e0 Montr\u00e9al\",\"breadcrumb\":{\"@id\":\"https:\\\/\\\/espacecabdeco.ca\\\/en\\\/spaces\\\/services\\\/#breadcrumb\"},\"inLanguage\":\"en-CA\",\"potentialAction\":[{\"@type\":\"ReadAction\",\"target\":[\"https:\\\/\\\/espacecabdeco.ca\\\/en\\\/spaces\\\/services\\\/\"]}]},{\"@type\":\"BreadcrumbList\",\"@id\":\"https:\\\/\\\/espacecabdeco.ca\\\/en\\\/spaces\\\/services\\\/#breadcrumb\",\"itemListElement\":[{\"@type\":\"ListItem\",\"position\":1,\"name\":\"Home\",\"item\":\"https:\\\/\\\/espacecabdeco.ca\\\/en\\\/\"},{\"@type\":\"ListItem\",\"position\":2,\"name\":\"Spaces\",\"item\":\"https:\\\/\\\/espacecabdeco.ca\\\/en\\\/spaces\\\/\"},{\"@type\":\"ListItem\",\"position\":3,\"name\":\"Services\"}]},{\"@type\":\"WebSite\",\"@id\":\"https:\\\/\\\/espacecabdeco.ca\\\/en\\\/#website\",\"url\":\"https:\\\/\\\/espacecabdeco.ca\\\/en\\\/\",\"name\":\"Espace Cabd\u00e9co\",\"description\":\"Mobilier commercial et r\u00e9sidentiel \u00e0 Montr\u00e9al\",\"publisher\":{\"@id\":\"https:\\\/\\\/espacecabdeco.ca\\\/en\\\/#organization\"},\"potentialAction\":[{\"@type\":\"SearchAction\",\"target\":{\"@type\":\"EntryPoint\",\"urlTemplate\":\"https:\\\/\\\/espacecabdeco.ca\\\/en\\\/?s={search_term_string}\"},\"query-input\":{\"@type\":\"PropertyValueSpecification\",\"valueRequired\":true,\"valueName\":\"search_term_string\"}}],\"inLanguage\":\"en-CA\"},{\"@type\":\"Organization\",\"@id\":\"https:\\\/\\\/espacecabdeco.ca\\\/en\\\/#organization\",\"name\":\"Espace Cabd\u00e9co\",\"url\":\"https:\\\/\\\/espacecabdeco.ca\\\/en\\\/\",\"logo\":{\"@type\":\"ImageObject\",\"inLanguage\":\"en-CA\",\"@id\":\"https:\\\/\\\/espacecabdeco.ca\\\/en\\\/#\\\/schema\\\/logo\\\/image\\\/\",\"url\":\"https:\\\/\\\/espacecabdeco.ca\\\/wp-content\\\/uploads\\\/2026\\\/03\\\/logo-espace-cabdeco.svg\",\"contentUrl\":\"https:\\\/\\\/espacecabdeco.ca\\\/wp-content\\\/uploads\\\/2026\\\/03\\\/logo-espace-cabdeco.svg\",\"caption\":\"Espace Cabd\u00e9co\"},\"image\":{\"@id\":\"https:\\\/\\\/espacecabdeco.ca\\\/en\\\/#\\\/schema\\\/logo\\\/image\\\/\"},\"sameAs\":[\"https:\\\/\\\/www.facebook.com\\\/CAB-D\u00e9co-626681560734273\\\/\",\"https:\\\/\\\/x.com\\\/cabdeco\",\"http:\\\/\\\/instagram.com\\\/cabdeco\",\"https:\\\/\\\/www.linkedin.com\\\/company\\\/c-a-b-deco\",\"https:\\\/\\\/www.pinterest.com\\\/cabdeco\\\/\"]}]}<\/script>\n<!-- \/ Yoast SEO plugin. -->","yoast_head_json":{"title":"Services - Espace Cabd\u00e9co - CAB D\u00e9co - Mobilier commecial et r\u00e9sidentiel - Montreal","description":"Chaises et mobilier design de qualit\u00e9 contrat \u00e0 Montr\u00e9al","robots":{"index":"index","follow":"follow","max-snippet":"max-snippet:-1","max-image-preview":"max-image-preview:large","max-video-preview":"max-video-preview:-1"},"canonical":"https:\/\/espacecabdeco.ca\/en\/spaces\/services\/","og_locale":"en_US","og_type":"article","og_title":"Services - Espace Cabd\u00e9co - CAB D\u00e9co - Mobilier commecial et r\u00e9sidentiel - Montreal","og_description":"Chaises et mobilier design de qualit\u00e9 contrat \u00e0 Montr\u00e9al","og_url":"https:\/\/espacecabdeco.ca\/en\/spaces\/services\/","og_site_name":"Espace Cabd\u00e9co","article_publisher":"https:\/\/www.facebook.com\/CAB-D%c3%a9co-626681560734273\/","article_modified_time":"2026-04-14T19:06:09+00:00","og_image":[{"url":"http:\/\/espacecabdeco.ca\/wp-content\/uploads\/2016\/03\/social-card.png","type":"","width":"","height":""}],"twitter_card":"summary_large_image","twitter_site":"@cabdeco","schema":{"@context":"https:\/\/schema.org","@graph":[{"@type":"WebPage","@id":"https:\/\/espacecabdeco.ca\/en\/spaces\/services\/","url":"https:\/\/espacecabdeco.ca\/en\/spaces\/services\/","name":"Services - Espace Cabd\u00e9co - CAB D\u00e9co - Mobilier commecial et r\u00e9sidentiel - Montreal","isPartOf":{"@id":"https:\/\/espacecabdeco.ca\/en\/#website"},"datePublished":"2026-03-26T20:01:12+00:00","dateModified":"2026-04-14T19:06:09+00:00","description":"Chaises et mobilier design de qualit\u00e9 contrat \u00e0 Montr\u00e9al","breadcrumb":{"@id":"https:\/\/espacecabdeco.ca\/en\/spaces\/services\/#breadcrumb"},"inLanguage":"en-CA","potentialAction":[{"@type":"ReadAction","target":["https:\/\/espacecabdeco.ca\/en\/spaces\/services\/"]}]},{"@type":"BreadcrumbList","@id":"https:\/\/espacecabdeco.ca\/en\/spaces\/services\/#breadcrumb","itemListElement":[{"@type":"ListItem","position":1,"name":"Home","item":"https:\/\/espacecabdeco.ca\/en\/"},{"@type":"ListItem","position":2,"name":"Spaces","item":"https:\/\/espacecabdeco.ca\/en\/spaces\/"},{"@type":"ListItem","position":3,"name":"Services"}]},{"@type":"WebSite","@id":"https:\/\/espacecabdeco.ca\/en\/#website","url":"https:\/\/espacecabdeco.ca\/en\/","name":"Espace Cabd\u00e9co","description":"Mobilier commercial et r\u00e9sidentiel \u00e0 Montr\u00e9al","publisher":{"@id":"https:\/\/espacecabdeco.ca\/en\/#organization"},"potentialAction":[{"@type":"SearchAction","target":{"@type":"EntryPoint","urlTemplate":"https:\/\/espacecabdeco.ca\/en\/?s={search_term_string}"},"query-input":{"@type":"PropertyValueSpecification","valueRequired":true,"valueName":"search_term_string"}}],"inLanguage":"en-CA"},{"@type":"Organization","@id":"https:\/\/espacecabdeco.ca\/en\/#organization","name":"Espace Cabd\u00e9co","url":"https:\/\/espacecabdeco.ca\/en\/","logo":{"@type":"ImageObject","inLanguage":"en-CA","@id":"https:\/\/espacecabdeco.ca\/en\/#\/schema\/logo\/image\/","url":"https:\/\/espacecabdeco.ca\/wp-content\/uploads\/2026\/03\/logo-espace-cabdeco.svg","contentUrl":"https:\/\/espacecabdeco.ca\/wp-content\/uploads\/2026\/03\/logo-espace-cabdeco.svg","caption":"Espace Cabd\u00e9co"},"image":{"@id":"https:\/\/espacecabdeco.ca\/en\/#\/schema\/logo\/image\/"},"sameAs":["https:\/\/www.facebook.com\/CAB-D\u00e9co-626681560734273\/","https:\/\/x.com\/cabdeco","http:\/\/instagram.com\/cabdeco","https:\/\/www.linkedin.com\/company\/c-a-b-deco","https:\/\/www.pinterest.com\/cabdeco\/"]}]}},"_links":{"self":[{"href":"https:\/\/espacecabdeco.ca\/en\/wp-json\/wp\/v2\/pages\/23002","targetHints":{"allow":["GET"]}}],"collection":[{"href":"https:\/\/espacecabdeco.ca\/en\/wp-json\/wp\/v2\/pages"}],"about":[{"href":"https:\/\/espacecabdeco.ca\/en\/wp-json\/wp\/v2\/types\/page"}],"author":[{"embeddable":true,"href":"https:\/\/espacecabdeco.ca\/en\/wp-json\/wp\/v2\/users\/2"}],"replies":[{"embeddable":true,"href":"https:\/\/espacecabdeco.ca\/en\/wp-json\/wp\/v2\/comments?post=23002"}],"version-history":[{"count":2,"href":"https:\/\/espacecabdeco.ca\/en\/wp-json\/wp\/v2\/pages\/23002\/revisions"}],"predecessor-version":[{"id":24166,"href":"https:\/\/espacecabdeco.ca\/en\/wp-json\/wp\/v2\/pages\/23002\/revisions\/24166"}],"up":[{"embeddable":true,"href":"https:\/\/espacecabdeco.ca\/en\/wp-json\/wp\/v2\/pages\/52"}],"wp:attachment":[{"href":"https:\/\/espacecabdeco.ca\/en\/wp-json\/wp\/v2\/media?parent=23002"}],"curies":[{"name":"wp","href":"https:\/\/api.w.org\/{rel}","templated":true}]}}